{"id":147,"date":"2022-11-07T14:55:37","date_gmt":"2022-11-07T13:55:37","guid":{"rendered":"http:\/\/emilemartinpsychologue.fr\/?page_id=147"},"modified":"2022-11-07T14:55:37","modified_gmt":"2022-11-07T13:55:37","slug":"quel-psy-choisir","status":"publish","type":"page","link":"https:\/\/emilemartinpsychologue.fr\/index.php\/quel-psy-choisir\/","title":{"rendered":"Quel \u00ab\u00a0psy\u00a0\u00bb choisir?"},"content":{"rendered":"\n<p>Beaucoup de professions et de pratiques sont r\u00e9unies sous le terme de \u00ab\u00a0psy\u00a0\u00bb.<\/p>\n\n\n\n<p>Je vais essayer de vous expliquer les diff\u00e9rences entre tous ces \u00ab\u00a0psy-\u00bb, pour essayer d\u2019\u00e9clairer votre d\u00e9marche de prise en charge et pour vous permettre de comprendre qui consulter, et pourquoi<\/p>\n\n\n\n<h2 class=\"wp-block-heading\"><strong>Le psychologue<\/strong><\/h2>\n\n\n\n<p><strong>Le psychologue et le scientifique de l&rsquo;esprit.<\/strong><\/p>\n\n\n\n<p>Le psychologue est form\u00e9 aux diff\u00e9rents mod\u00e8les de compr\u00e9hension de l&rsquo;esprit humain. Il sait observer, analyser et comprendres les comportements, les \u00e9motions, les m\u00e9canismes d&rsquo;un individu, ou d&rsquo;un groupe.<\/p>\n\n\n\n<p>Ce dipl\u00f4me est d\u00e9cern\u00e9 aux personnes ayant \u00e9tudi\u00e9 <strong>pendant cinq ann\u00e9es cons\u00e9cutive<\/strong> la psychologie. Il peut \u00eatre obtenu en suivant un cursus universitaire (Licence de 3 ans puis Master de 2 ans), ou en suivant les cours de l&rsquo;\u00c9cole de Psychologue Praticien.<\/p>\n\n\n\n<p>Les psychologues peuvent \u00eatre amen\u00e9s \u00e0 travailler dans des secteurs tr\u00e8s diff\u00e9rents, comme le recrutement, l&rsquo;accompagnement d&rsquo;athl\u00e8tes, le coaching de cadres, de manageurs\u00a0; ou bien dans l&rsquo;accompagnement et le soutient de personnes handicap\u00e9es, d&rsquo;enfants pr\u00e9sentant des troubles du d\u00e9veloppement, l&rsquo;accompagnement de la fin de vie et de la d\u00e9mence s\u00e9nile\u2026 plus simplement<strong>, le psychologue \u00e9coute et cherche avec vous des solutions \u00e0 vos probl\u00e9matique\u00a0<\/strong>: c\u2019est le c\u0153ur de mon m\u00e9tier.<\/p>\n\n\n\n<h2 class=\"wp-block-heading\"><strong>Le psychoth\u00e9rapeute<\/strong><\/h2>\n\n\n\n<p><strong>Le psychoth\u00e9rapeute est le soignant de la souffrance psychique.<\/strong><\/p>\n\n\n\n<p>Le titre de psychoth\u00e9rapeute est un titre prot\u00e9g\u00e9. Il d\u00e9signe les professionnels de sant\u00e9 <strong>aptes \u00e0 prodiguer un soin<\/strong>, par l&rsquo;\u00e9coute empathique, la relation d&rsquo;aide et la parole. Ce titre est d\u00e9cern\u00e9 aux psychologues, m\u00e9decins g\u00e9n\u00e9ralistes, m\u00e9decins psychiatres, ainsi qu&rsquo;\u00e0 un certain nombre de professionnels de sant\u00e9 ayant suivi une formation reconnue, et ayant mis en pratique les apprentissages de ces formations dans un environnement clinique.<\/p>\n\n\n\n<p>Comme il existe plusieurs \u00ab\u00a0grilles\u00a0\u00bb de lecture de la psych\u00e9 humaine, il existe aussi plusieurs formes de psychoth\u00e9rapies :<\/p>\n\n\n\n<p>-les th\u00e9rapies dites humanistes-existentielles,<\/p>\n\n\n\n<p>-les th\u00e9rapies cognitives comportementales,<\/p>\n\n\n\n<p>-les th\u00e9rapies analytiques,<\/p>\n\n\n\n<p>-etc.<\/p>\n\n\n\n<p>Toutes ces m\u00e9thodes ont leurs avantages et leurs limites, toutes sont l\u00e9gitimes et pertinentes. Les psychoth\u00e9rapeutes ont aussi certaines app\u00e9tences envers certaines pratiques, qui seront tr\u00e8s efficaces avec certaines personnalit\u00e9s, et qui ne fonctionneront pas aussi bien avec d&rsquo;autre. C&rsquo;est donc <strong>le r\u00f4le du psychoth\u00e9rapeute de trouver pour son patient une m\u00e9thode qui lui correspond<\/strong>. Par ma formation inclusive (c\u2019est-\u00e0-dire par la formation aux diff\u00e9rentes approches propos\u00e9e par l\u2019\u00e9cole de psychologue praticien), <strong>j\u2019adapte mon approche<\/strong> \u00e0 chaque patient.<\/p>\n\n\n\n<h2 class=\"wp-block-heading\"><strong>Le psychanalyste<\/strong><\/h2>\n\n\n\n<p><strong>Le psychanalyste est un psychoth\u00e9rapeute, pratiquant une m\u00e9thode particuli\u00e8re :\u00a0 la psychanalyse.<\/strong><\/p>\n\n\n\n<p>C&rsquo;est une des m\u00e9thodes de psychoth\u00e9rapie, l&rsquo;une des plus connue. C\u2019est le clich\u00e9 du divan et du psy silencieux. Elle s&rsquo;appuie sur un r\u00e9f\u00e9rentiel th\u00e9orique tr\u00e8s riche, et permet &#8211; au prix d&rsquo;un investissement \u00e9nerg\u00e9tique, temporel et financier tr\u00e8s important &#8211; une introspection et une profondeur d&rsquo;analyse tr\u00e8s puissante. J\u2019appuie une grande partie de ma pratique sur ces concepts.<\/p>\n\n\n\n<h2 class=\"wp-block-heading\"><strong>Le psychiatre<\/strong><\/h2>\n\n\n\n<p><strong>Le Psychiatre est un m\u00e9decin, sp\u00e9cialiste du traitement de la sant\u00e9 mentale.<\/strong><\/p>\n\n\n\n<p>Il est sp\u00e9cialis\u00e9 dans la prise en charge des troubles mentaux et des maladies psychiques, comme la d\u00e9pression, la schizophr\u00e9nie, les troubles anxieux, etc.<br>Par sa connaissance m\u00e9dicale, il est le seul des \u00ab\u00a0psys\u00a0\u00bb en capacit\u00e9 de prescrire des m\u00e9dicaments. Sa formation, son expertise et son travail ne sont pas les m\u00eames que celle d&rsquo;un psychologue, bien que ces deux professions soient souvent amen\u00e9es \u00e0 collaborer du fait de leur compl\u00e9mentarit\u00e9.<\/p>\n","protected":false},"excerpt":{"rendered":"<p>Beaucoup de professions et de pratiques sont r\u00e9unies sous le terme de \u00ab\u00a0psy\u00a0\u00bb. Je vais essayer de vous expliquer les diff\u00e9rences entre tous ces \u00ab\u00a0psy-\u00bb, pour essayer d\u2019\u00e9clairer votre d\u00e9marche de prise en charge et pour vous permettre de comprendre qui consulter, et pourquoi Le psychologue Le psychologue et le scientifique de l&rsquo;esprit. Le psychologue&#8230;<\/p>\n","protected":false},"author":1,"featured_media":0,"parent":0,"menu_order":0,"comment_status":"closed","ping_status":"closed","template":"","meta":{"footnotes":""},"class_list":["post-147","page","type-page","status-publish","hentry"],"_links":{"self":[{"href":"https:\/\/emilemartinpsychologue.fr\/index.php\/wp-json\/wp\/v2\/pages\/147","targetHints":{"allow":["GET"]}}],"collection":[{"href":"https:\/\/emilemartinpsychologue.fr\/index.php\/wp-json\/wp\/v2\/pages"}],"about":[{"href":"https:\/\/emilemartinpsychologue.fr\/index.php\/wp-json\/wp\/v2\/types\/page"}],"author":[{"embeddable":true,"href":"https:\/\/emilemartinpsychologue.fr\/index.php\/wp-json\/wp\/v2\/users\/1"}],"replies":[{"embeddable":true,"href":"https:\/\/emilemartinpsychologue.fr\/index.php\/wp-json\/wp\/v2\/comments?post=147"}],"version-history":[{"count":1,"href":"https:\/\/emilemartinpsychologue.fr\/index.php\/wp-json\/wp\/v2\/pages\/147\/revisions"}],"predecessor-version":[{"id":150,"href":"https:\/\/emilemartinpsychologue.fr\/index.php\/wp-json\/wp\/v2\/pages\/147\/revisions\/150"}],"wp:attachment":[{"href":"https:\/\/emilemartinpsychologue.fr\/index.php\/wp-json\/wp\/v2\/media?parent=147"}],"curies":[{"name":"wp","href":"https:\/\/api.w.org\/{rel}","templated":true}]}}